{"id":2124,"date":"2020-10-23T14:21:31","date_gmt":"2020-10-23T17:21:31","guid":{"rendered":"https:\/\/festivaldecorais.com.br\/2022\/?page_id=2124"},"modified":"2022-10-14T11:30:33","modified_gmt":"2022-10-14T14:30:33","slug":"sobre","status":"publish","type":"page","link":"https:\/\/festivaldecorais.com.br\/2022\/sobre\/","title":{"rendered":"Sobre"},"content":{"rendered":"[vc_row][vc_column][vc_column_text]N\u00e3o ser\u00e1 exagero dizer que os mais belos encontros e eventos art\u00edsticos nascem da potente semente do sonho. Assim tamb\u00e9m \u00e9 para um coletivo de vozes ou instrumentos que um dia algu\u00e9m intimamente desejou transformar em realidade. Sonhar movimenta a cultura e a engrenagem da vida e, diante dos tempos atuais, o sonho coletivo de novos dias, torna-se urgente.[\/vc_column_text][wgl_spacing spacer_size=&#8221;16px&#8221;][vc_column_text]\u00c9 preciso confiar e &#8220;sonhar coisas boas que o homem faz\u201d, como diz Cora\u00e7\u00e3o Civil (Fernando Brant e Milton Nascimento), e \u201cesperar pelos frutos do quintal&#8221;. O sonho equivale ao plantio, pois dele vem o alimento que nutre a terra e a planta, resultando nos frutos do quintal. Nosso sonho, assim como o da can\u00e7\u00e3o, \u00e9 um anseio por felicidade, alegria, amizade, liberdade, sol, justi\u00e7a. Quem sonha essa gesta\u00e7\u00e3o de frutos doces que alimentam nossas fomes coletivas de tantos tipos? A arte? O poeta? Os articuladores culturais? Certamente o encontro deles com outras pessoas sonhadoras, as que apostam junto e se lan\u00e7am na aventura de viver na perspectiva da esperan\u00e7a. O sonho inspira, rege em sil\u00eancio o levante de outros desejos.[\/vc_column_text][wgl_spacing spacer_size=&#8221;16px&#8221;][vc_column_text]O tema do sonho, escolhido para esta edi\u00e7\u00e3o do nosso festival, \u00e9 um convite a todas as pessoas que acreditam na arte e na for\u00e7a do coletivo: para que elas nunca deixem de apostar nessa for\u00e7a e que possamos fazer isso em un\u00edssono: sonhar e, num segundo momento, realizar, pois, como diz outra can\u00e7\u00e3o \u201csonho que se sonha junto \u00e9 realidade\u201d (Prel\u00fadio, Raul Seixas). O FIC alcan\u00e7a a maioridade dos 18 anos com energia e novas possibilidades. O sonho maior \u00e9 celebrar coletivamente nossa reuni\u00e3o com uma bela festa de cantos, cores e sotaques diversos.[\/vc_column_text][wgl_spacing spacer_size=&#8221;16px&#8221;][vc_column_text]O desejo de encontro \u00e9 tamb\u00e9m um desejo de ocupa\u00e7\u00e3o. Queremos que nosso sonho ganhe corpo para alcan\u00e7ar ouvidos e cora\u00e7\u00f5es de um p\u00fablico amplo. Os eventos, desta vez, acontecer\u00e3o em cerca de 100 espa\u00e7os de cidades hist\u00f3ricas mineiras, sempre com aten\u00e7\u00e3o aos cuidados e adequa\u00e7\u00f5es exigidos pelo momento hist\u00f3rico que vivemos. Explorando a dupla significa\u00e7\u00e3o da palavra sonho \u00e9 nossa aspira\u00e7\u00e3o criar, em locais variados, uma ambi\u00eancia de encantamento para as pessoas que v\u00e3o assistir \u00e0s apresenta\u00e7\u00f5es, possibilitando o acesso ao bem-estar de alma que a arte pode proporcionar.[\/vc_column_text][wgl_spacing spacer_size=&#8221;16px&#8221;][vc_column_text]O cora\u00e7\u00e3o do nosso festival \u00e9 o grupo. Para fazer brilhar nosso encontro, ficaremos felizes em receber corais, bandas e orquestras de todo o Brasil e tamb\u00e9m de outros pa\u00edses. Com alegria renovada, damos as boas-vindas a voc\u00ea, companheiro e companheira de sonho da equipe do <strong>18\u00ba Festival Internacional de Corais<\/strong>![\/vc_column_text][wgl_spacing spacer_size=&#8221;16px&#8221;][vc_column_text]O tema do sonho inspirou muit\u00edssimas belas can\u00e7\u00f5es no Brasil. Fizemos uma lista com algumas. Compartilhe com a gente sua lembran\u00e7a de outras m\u00fasicas que tematizam o sonho![\/vc_column_text][wgl_spacing spacer_size=&#8221;16px&#8221;][vc_column_text]<em><strong>Sonho meu<\/strong>, de Dona Ivone Lara. E ainda de uma que, se n\u00e3o me engano foi tema de escola de samba e que come\u00e7a assim: \u201cSonhar n\u00e3o custa nada e o meu sonho \u00e9 t\u00e3o real&#8230;\u201d<\/em>[\/vc_column_text][wgl_spacing spacer_size=&#8221;16px&#8221;][vc_column_text]\r\n<ul>\r\n \t<li><em>\u201cOs sonhos n\u00e3o envelhecem\u201d<\/em><\/li>\r\n \t<li><em>\u201cQuem sabe isso quer dizer amor estrada de fazer o sonho acontecer\u201d<\/em><\/li>\r\n \t<li><em>\u201cPlaneta Sonho\u201d<\/em><\/li>\r\n<\/ul>\r\n[\/vc_column_text][\/vc_column][\/vc_row]","protected":false},"excerpt":{"rendered":"[vc_row][vc_column][vc_column_text]N\u00e3o ser\u00e1 exagero dizer que os mais belos encontros e eventos art\u00edsticos nascem da potente semente do sonho. Assim tamb\u00e9m \u00e9 para um coletivo de vozes ou instrumentos que um dia algu\u00e9m intimamente desejou transformar em realidade. Sonhar movimenta a cultura e a engrenagem da vida e, diante dos tempos atuais, o sonho coletivo de [&hellip;]","protected":false},"author":1,"featured_media":0,"parent":0,"menu_order":0,"comment_status":"closed","ping_status":"closed","template":"","meta":{"_vp_format_video_url":"","_vp_image_focal_point":[]},"aioseo_notices":[],"_links":{"self":[{"href":"https:\/\/festivaldecorais.com.br\/2022\/wp-json\/wp\/v2\/pages\/2124"}],"collection":[{"href":"https:\/\/festivaldecorais.com.br\/2022\/wp-json\/wp\/v2\/pages"}],"about":[{"href":"https:\/\/festivaldecorais.com.br\/2022\/wp-json\/wp\/v2\/types\/page"}],"author":[{"embeddable":true,"href":"https:\/\/festivaldecorais.com.br\/2022\/wp-json\/wp\/v2\/users\/1"}],"replies":[{"embeddable":true,"href":"https:\/\/festivaldecorais.com.br\/2022\/wp-json\/wp\/v2\/comments?post=2124"}],"version-history":[{"count":4,"href":"https:\/\/festivaldecorais.com.br\/2022\/wp-json\/wp\/v2\/pages\/2124\/revisions"}],"predecessor-version":[{"id":2131,"href":"https:\/\/festivaldecorais.com.br\/2022\/wp-json\/wp\/v2\/pages\/2124\/revisions\/2131"}],"wp:attachment":[{"href":"https:\/\/festivaldecorais.com.br\/2022\/wp-json\/wp\/v2\/media?parent=2124"}],"curies":[{"name":"wp","href":"https:\/\/api.w.org\/{rel}","templated":true}]}}