{"id":1897,"date":"2020-08-17T21:43:08","date_gmt":"2020-08-18T00:43:08","guid":{"rendered":"https:\/\/festivaldecorais.com.br\/2022\/?page_id=1897"},"modified":"2020-12-22T16:55:11","modified_gmt":"2020-12-22T19:55:11","slug":"musica-tema","status":"publish","type":"page","link":"https:\/\/festivaldecorais.com.br\/2022\/musica-tema\/","title":{"rendered":"M\u00fasica Tema"},"content":{"rendered":"[vc_row][vc_column el_id=&#8221;As informa\u00e7\u00f5es sobre a m\u00fasica tema e arranjos ser\u00e3o adicionadas em 15 de fevereiro de 2021.&#8221;][vc_column_text]Informa\u00e7\u00f5es sobre a m\u00fasica tema ser\u00e3o adicionadas em 15 de fevereiro de 2021.[\/vc_column_text][wgl_double_headings align=&#8221;center&#8221; title_color=&#8221;#232323&#8243; subtitle_color=&#8221;#007da9&#8243; bgtitle_color=&#8221;#f3f3f3&#8243; title=&#8221;Baixe agora mesmo as partituras das m\u00fasicas&#8221; subtitle=&#8221;Basta clicar na m\u00fasica desejada&#8221;][\/vc_column][\/vc_row]","protected":false},"excerpt":{"rendered":"[vc_row][vc_column el_id=&#8221;As informa\u00e7\u00f5es sobre a m\u00fasica tema e arranjos ser\u00e3o adicionadas em 15 de fevereiro de 2021.&#8221;][vc_column_text]Informa\u00e7\u00f5es sobre a m\u00fasica tema ser\u00e3o adicionadas em 15 de fevereiro de 2021.[\/vc_column_text][wgl_double_headings align=&#8221;center&#8221; title_color=&#8221;#232323&#8243; subtitle_color=&#8221;#007da9&#8243; bgtitle_color=&#8221;#f3f3f3&#8243; title=&#8221;Baixe agora mesmo as partituras das m\u00fasicas&#8221; subtitle=&#8221;Basta clicar na m\u00fasica desejada&#8221;][\/vc_column][\/vc_row]","protected":false},"author":1,"featured_media":0,"parent":0,"menu_order":0,"comment_status":"closed","ping_status":"closed","template":"","meta":{"_vp_format_video_url":"","_vp_image_focal_point":[]},"aioseo_notices":[],"_links":{"self":[{"href":"https:\/\/festivaldecorais.com.br\/2022\/wp-json\/wp\/v2\/pages\/1897"}],"collection":[{"href":"https:\/\/festivaldecorais.com.br\/2022\/wp-json\/wp\/v2\/pages"}],"about":[{"href":"https:\/\/festivaldecorais.com.br\/2022\/wp-json\/wp\/v2\/types\/page"}],"author":[{"embeddable":true,"href":"https:\/\/festivaldecorais.com.br\/2022\/wp-json\/wp\/v2\/users\/1"}],"replies":[{"embeddable":true,"href":"https:\/\/festivaldecorais.com.br\/2022\/wp-json\/wp\/v2\/comments?post=1897"}],"version-history":[{"count":6,"href":"https:\/\/festivaldecorais.com.br\/2022\/wp-json\/wp\/v2\/pages\/1897\/revisions"}],"predecessor-version":[{"id":2342,"href":"https:\/\/festivaldecorais.com.br\/2022\/wp-json\/wp\/v2\/pages\/1897\/revisions\/2342"}],"wp:attachment":[{"href":"https:\/\/festivaldecorais.com.br\/2022\/wp-json\/wp\/v2\/media?parent=1897"}],"curies":[{"name":"wp","href":"https:\/\/api.w.org\/{rel}","templated":true}]}}