{"id":1863,"date":"2020-08-17T16:26:22","date_gmt":"2020-08-17T19:26:22","guid":{"rendered":"https:\/\/festivaldecorais.com.br\/2022\/?page_id=1863"},"modified":"2022-09-01T15:16:05","modified_gmt":"2022-09-01T18:16:05","slug":"regulamento","status":"publish","type":"page","link":"https:\/\/festivaldecorais.com.br\/2022\/regulamento\/","title":{"rendered":"Regulamento"},"content":{"rendered":"<b><span data-contrast=\"none\">OBJETIVO<\/span><\/b><span data-ccp-props=\"{&quot;201341983&quot;:2,&quot;335559685&quot;:0,&quot;335559739&quot;:160,&quot;335559740&quot;:600}\">\u00a0<\/span>\r\n\r\n<span data-contrast=\"none\">O Festival Internacional de Corais, Orquestras, Bandas, Congados e Artistas convidados, edi\u00e7\u00e3o 2022, denominado neste Regulamento como FIC, tem por finalidade proporcionar o interc\u00e2mbio cultural, a difus\u00e3o, a integra\u00e7\u00e3o, o incentivo, o desenvolvimento e o fortalecimento de la\u00e7os entre Bandas, Corais, Grupos Vocais, Orquestras, Congados, Ind\u00edgenas e Quilombolas e Artistas convidados e regionais, nacionais e internacionais e o p\u00fablico.<\/span><span data-ccp-props=\"{&quot;201341983&quot;:2,&quot;335559685&quot;:0,&quot;335559739&quot;:160,&quot;335559740&quot;:600}\">\u00a0<\/span>\r\n\r\n<b><span data-contrast=\"none\">PER\u00cdODO E LOCAIS DE REALIZA\u00c7\u00c3O<\/span><\/b><span data-ccp-props=\"{&quot;201341983&quot;:2,&quot;335559685&quot;:0,&quot;335559739&quot;:160,&quot;335559740&quot;:600}\">\u00a0<\/span>\r\n\r\n<span data-contrast=\"none\">O FIC ser\u00e1 realizado presencialmente entre os dias 07 de setembro \u00e0 23 de dezembro de 2022, em Belo Horizonte e diversas cidades mineiras. As apresenta\u00e7\u00f5es ser\u00e3o em locais abertos ao p\u00fablico (aldeias ind\u00edgenas, asilos, centros culturais, hospitais, igrejas, museus, pra\u00e7as, parques, quilombos, teatros, etc.)<\/span><span data-ccp-props=\"{&quot;201341983&quot;:2,&quot;335559685&quot;:0,&quot;335559739&quot;:160,&quot;335559740&quot;:600}\">\u00a0<\/span>\r\n\r\n<span data-contrast=\"none\">A apresenta\u00e7\u00e3o nessas localidades, aproximadamente\u00a050\u00a0(cinquenta) espa\u00e7os, ser\u00e1 definida pela organiza\u00e7\u00e3o do evento com consentimento e parceria do Coral, Grupo Vocal, Banda, Orquestra, Congado, Ind\u00edgenas, Quilombolas e artistas convidados. Sendo respeitada a ordem de inscri\u00e7\u00e3o, para que os primeiros tenham prefer\u00eancia nas escolhas de datas e locais, conforme j\u00e1 \u00e9 tradi\u00e7\u00e3o desde edi\u00e7\u00f5es passadas.<\/span><span data-ccp-props=\"{&quot;201341983&quot;:2,&quot;335559685&quot;:0,&quot;335559739&quot;:160,&quot;335559740&quot;:600}\">\u00a0<\/span>\r\n\r\n<span data-contrast=\"none\">O(s) dia(s) de apresenta\u00e7\u00e3o no per\u00edodo de realiza\u00e7\u00e3o do Festival fica(m) a crit\u00e9rio da disponibilidade de cada Grupo Musical, respeitando-se o tempo e ordem de apresenta\u00e7\u00e3o.<\/span>\r\n\r\n<b><span data-contrast=\"none\">TEM\u00c1TICA<\/span><\/b>\r\n\r\n<span data-contrast=\"none\">O tema LIBERDADE, escolhido para esta edi\u00e7\u00e3o do nosso festival, \u00e9 um convite a todas as pessoas que acreditam na arte e na for\u00e7a do coletivo: para que elas nunca deixem de apostar nessa for\u00e7a e que possamos fazer isso em un\u00edssono: Liberdade. O FIC alcan\u00e7a a maioridade dos 18 anos com energia e novas possibilidades. O sonho maior \u00e9 celebrar coletivamente nossa reuni\u00e3o com uma bela festa de cantos, cores e sotaques diversos.<\/span><span data-ccp-props=\"{&quot;201341983&quot;:2,&quot;335559685&quot;:0,&quot;335559739&quot;:160,&quot;335559740&quot;:600}\">\u00a0<\/span>\r\n\r\n<span data-contrast=\"none\">Os Grupos Musicais participantes dever\u00e3o apresentar, conjuntamente com os Corais, Orquestras e Bandas participantes, durante os eventos, uma m\u00fasica que cite a palavra \u201csonho\u201d, a can\u00e7\u00e3o \u00e9 de livre escolha.\u202f (Obrigat\u00f3rio)<\/span>\r\n\r\n<b><span data-contrast=\"none\">PRODU\u00c7\u00c3O<\/span><\/b><span data-ccp-props=\"{&quot;201341983&quot;:2,&quot;335559685&quot;:0,&quot;335559739&quot;:160,&quot;335559740&quot;:600}\">\u00a0<\/span>\r\n\r\n<span data-contrast=\"none\">O Festival Internacional de Corais (FIC) \u00e9 um evento produzido pela Maestria Arte &amp; Cultura sob a coordena\u00e7\u00e3o do Maestro Lindomar Gomes.<\/span><span data-ccp-props=\"{&quot;201341983&quot;:2,&quot;335559685&quot;:0,&quot;335559739&quot;:160,&quot;335559740&quot;:600}\">\u00a0<\/span>\r\n\r\n<b><span data-contrast=\"none\">PARTICIPA\u00c7\u00c3O<\/span><\/b><span data-ccp-props=\"{&quot;201341983&quot;:2,&quot;335559685&quot;:0,&quot;335559739&quot;:160,&quot;335559740&quot;:600}\">\u00a0<\/span>\r\n\r\n<span data-contrast=\"none\">Poder\u00e3o participar do FIC, Bandas, Corais, Grupos Vocais, Orquestras, Congados, Ind\u00edgenas e Quilombolas e Artistas convidados nacionais e internacionais de todas as categorias, com repert\u00f3rio de m\u00fasica erudita e popular livre.<\/span><span data-ccp-props=\"{&quot;201341983&quot;:2,&quot;335559685&quot;:0,&quot;335559739&quot;:160,&quot;335559740&quot;:600}\">\u00a0<\/span>\r\n\r\n<b><span data-contrast=\"none\">REPERT\u00d3RIO<\/span><\/b><span data-ccp-props=\"{&quot;201341983&quot;:2,&quot;335559685&quot;:0,&quot;335559739&quot;:160,&quot;335559740&quot;:600}\">\u00a0<\/span>\r\n\r\n<span data-contrast=\"none\">Nas apresenta\u00e7\u00f5es, os Grupos Musicais dever\u00e3o apresentar repert\u00f3rio composto por aproximadamente 4 (quatro) m\u00fasicas, conforme o evento.<\/span><span data-ccp-props=\"{&quot;201341983&quot;:2,&quot;335559685&quot;:0,&quot;335559739&quot;:160,&quot;335559740&quot;:600}\">\u00a0<\/span>\r\n\r\n<b><span data-contrast=\"none\">INSCRI\u00c7\u00c3O PRELIMINAR<\/span><\/b><span data-ccp-props=\"{&quot;201341983&quot;:2,&quot;335559685&quot;:0,&quot;335559739&quot;:160,&quot;335559740&quot;:600}\">\u00a0<\/span>\r\n\r\n<span data-contrast=\"none\">Todos os corais, bandas, orquestras e congados ser\u00e3o submetidos a processo de sele\u00e7\u00e3o a ser promovido pela organiza\u00e7\u00e3o do FIC.<\/span><span data-ccp-props=\"{&quot;201341983&quot;:2,&quot;335559685&quot;:0,&quot;335559739&quot;:160,&quot;335559740&quot;:600}\">\u00a0<\/span>\r\n\r\n<span data-contrast=\"none\">A inscri\u00e7\u00e3o preliminar de cada coral dever\u00e1 ser feita por meio do site oficial do evento (<\/span><a href=\"https:\/\/festivaldecorais.com.br\/2022\/\"><span data-contrast=\"none\">https:\/\/festivaldecorais.com.br\/2022<\/span><\/a><span data-contrast=\"none\">);<\/span><span data-ccp-props=\"{&quot;201341983&quot;:2,&quot;335559685&quot;:0,&quot;335559739&quot;:160,&quot;335559740&quot;:600}\">\u00a0<\/span>\r\n\r\n<span data-contrast=\"none\">Ao fazer a inscri\u00e7\u00e3o preliminar, o Coral, Banda, Orquestra, Grupo Vocal ou Congado dever\u00e1 anexar os seguintes itens:<\/span><span data-ccp-props=\"{&quot;201341983&quot;:2,&quot;335559685&quot;:0,&quot;335559739&quot;:160,&quot;335559740&quot;:600}\">\u00a0<\/span>\r\n\r\n<span data-contrast=\"none\">Fotos da Banda, Orquestra, Coral &amp; Congados, digitalizadas em boa resolu\u00e7\u00e3o, com cr\u00e9dito do autor;<\/span><span data-ccp-props=\"{&quot;201341983&quot;:2,&quot;335559685&quot;:0,&quot;335559739&quot;:160,&quot;335559740&quot;:600}\">\u00a0<\/span>\r\n\r\n<span data-contrast=\"none\">Repert\u00f3rio escolhido (conforme subitem 6.1 e, observando o disposto no subitem 5.1);<\/span><span data-ccp-props=\"{&quot;201341983&quot;:2,&quot;335559685&quot;:0,&quot;335559739&quot;:160,&quot;335559740&quot;:600}\">\u00a0<\/span>\r\n\r\n<span data-contrast=\"none\">Breve curr\u00edculo do Grupo Musical e do(a) regente para divulga\u00e7\u00e3o.<\/span><span data-ccp-props=\"{&quot;201341983&quot;:2,&quot;335559685&quot;:0,&quot;335559739&quot;:160,&quot;335559740&quot;:600}\">\u00a0<\/span>\r\n\r\n<span data-contrast=\"none\">As informa\u00e7\u00f5es a que alude o subitem 7.3, dever\u00e3o ser preenchidas e enviadas \u201conline\u201d por ocasi\u00e3o da inscri\u00e7\u00e3o preliminar, ou, entregues pessoalmente ou por Correios no endere\u00e7o informado no subitem 7.2. 7.5. A inscri\u00e7\u00e3o preliminar, N\u00c3O define a participa\u00e7\u00e3o do Coral, Banda, Orquestra e Congado no FIC.<\/span><span data-ccp-props=\"{&quot;201341983&quot;:2,&quot;335559685&quot;:0,&quot;335559739&quot;:160,&quot;335559740&quot;:600}\">\u00a0<\/span>\r\n\r\n<b><span data-contrast=\"none\">SELE\u00c7\u00c3O E RESULTADO<\/span><\/b><span data-ccp-props=\"{&quot;201341983&quot;:2,&quot;335559685&quot;:0,&quot;335559739&quot;:160,&quot;335559740&quot;:600}\">\u00a0<\/span>\r\n\r\n<span data-contrast=\"none\">Os Corais, Bandas, Orquestras &amp; Congados selecionados ter\u00e3o programa\u00e7\u00e3o agendada conforme ordem de inscri\u00e7\u00e3o, a primeira data ser\u00e1 07 de setembro de 2022, em\u202f apresenta\u00e7\u00e3o que ocorrer\u00e1 no Circuito Cultural Pra\u00e7a da Liberdade e Pra\u00e7a da Liberdade. A partir de ent\u00e3o, os locais e datas ser\u00e3o acordados entre a produ\u00e7\u00e3o do FIC e Grupos Musicais. Estima-se aproximadamente 50 (cinquenta) locais dentre Belo Horizonte e cidades de diversas regi\u00f5es de Minas Gerais.<\/span><span data-ccp-props=\"{&quot;201341983&quot;:2,&quot;335559685&quot;:0,&quot;335559739&quot;:160,&quot;335559740&quot;:600}\">\u00a0<\/span>\r\n\r\n<span data-contrast=\"none\">Para confirmar a participa\u00e7\u00e3o no FIC, o Grupo Musical dever\u00e1 preencher a ficha de inscri\u00e7\u00e3o e efetuar o dep\u00f3sito banc\u00e1rio no valor de R$150,00 (Cento e cinquenta reais) no Banco do Brasil, Ag\u00eancia 3494-0 C\/C 24.853-3 \u00e0 favor de Lindomar Jos\u00e9 Gomes e Silva.<\/span><span data-ccp-props=\"{&quot;201341983&quot;:2,&quot;335559685&quot;:0,&quot;335559739&quot;:160,&quot;335559740&quot;:600}\">\u00a0<\/span>\r\n\r\n<span data-contrast=\"none\">Haver\u00e1 certificado de trof\u00e9u e participa\u00e7\u00e3o para cada Coralista, Instrumentista, Artista, M\u00fasico, Musicista,\u202f Congadeiro Nativo Origin\u00e1rio ou Quilombola.<\/span><span data-ccp-props=\"{&quot;201341983&quot;:2,&quot;335559685&quot;:0,&quot;335559739&quot;:160,&quot;335559740&quot;:600}\">\u00a0<\/span>\r\n\r\n<span data-contrast=\"none\">O ato de inscri\u00e7\u00e3o implica, para todos os efeitos legais, na aceita\u00e7\u00e3o integral dos termos deste Regulamento.<\/span><span data-ccp-props=\"{&quot;201341983&quot;:2,&quot;335559685&quot;:0,&quot;335559739&quot;:160,&quot;335559740&quot;:600}\">\u00a0<\/span>\r\n\r\n<b><span data-contrast=\"none\">TRANSPORTE, HOSPEDAGEM E ALIMENTA\u00c7\u00c3O<\/span><\/b><span data-ccp-props=\"{&quot;201341983&quot;:2,&quot;335559685&quot;:0,&quot;335559739&quot;:160,&quot;335559740&quot;:600}\">\u00a0<\/span>\r\n\r\n<span data-contrast=\"none\">As despesas com transporte, inclusive traslado local, alimenta\u00e7\u00e3o e hospedagem, ser\u00e3o de total responsabilidade de cada Coral, Banda, Orquestra, Congado ou Grupo Musical participante.<\/span><span data-ccp-props=\"{&quot;201341983&quot;:2,&quot;335559685&quot;:0,&quot;335559739&quot;:160,&quot;335559740&quot;:600}\">\u00a0<\/span>\r\n\r\n<span data-contrast=\"none\">A organiza\u00e7\u00e3o do FIC estabelecer\u00e1 parcerias com hot\u00e9is, pousadas, albergues, cooperativas de t\u00e1xi, empresas de \u00f4nibus e restaurantes, negociando pacotes e tarifas promocionais para benef\u00edcio dos participantes.<\/span><span data-ccp-props=\"{&quot;201341983&quot;:2,&quot;335559685&quot;:0,&quot;335559739&quot;:160,&quot;335559740&quot;:600}\">\u00a0<\/span>\r\n\r\n<b><span data-contrast=\"none\">\u202fAPRESENTA\u00c7\u00d5ES<\/span><\/b><span data-ccp-props=\"{&quot;201341983&quot;:2,&quot;335559685&quot;:0,&quot;335559739&quot;:160,&quot;335559740&quot;:600}\">\u00a0<\/span>\r\n\r\n<span data-contrast=\"none\">Os Grupos Musicais se apresentar\u00e3o em espa\u00e7os p\u00fablicos previamente agendados pela organiza\u00e7\u00e3o do FIC e, previamente negociados com cada Coral, Banda, Orquestra &amp; Congado;<\/span><span data-ccp-props=\"{&quot;201341983&quot;:2,&quot;335559685&quot;:0,&quot;335559739&quot;:160,&quot;335559740&quot;:600}\">\u00a0<\/span>\r\n\r\n<span data-contrast=\"none\">Os Corais, Bandas, Orquestras &amp; Congados ter\u00e3o um tempo determinado para suas apresenta\u00e7\u00f5es, conforme a data, hora, local e quantidade de corais participantes. A dura\u00e7\u00e3o total da apresenta\u00e7\u00e3o ser\u00e1 de aproximadamente 15 (quinze) minutos, conforme evento.<\/span><span data-ccp-props=\"{&quot;201341983&quot;:2,&quot;335559685&quot;:0,&quot;335559739&quot;:160,&quot;335559740&quot;:600}\">\u00a0<\/span>\r\n\r\n<span data-contrast=\"none\">Os Corais, Bandas, Orquestras &amp; Congados participantes dever\u00e3o permanecer no local de apresenta\u00e7\u00e3o no hor\u00e1rio integral com o prop\u00f3sito de interagir, intercambiar prestigiar os demais corais e cantarem ou tocarem em conjunto.<\/span><span data-ccp-props=\"{&quot;201341983&quot;:2,&quot;335559685&quot;:0,&quot;335559739&quot;:160,&quot;335559740&quot;:600}\">\u00a0<\/span>\r\n\r\n<b><span data-contrast=\"none\">\u202fPROGRAMA\u00c7\u00c3O<\/span><\/b><span data-ccp-props=\"{&quot;201341983&quot;:2,&quot;335559685&quot;:0,&quot;335559739&quot;:160,&quot;335559740&quot;:600}\">\u00a0<\/span>\r\n\r\n<span data-contrast=\"none\">A programa\u00e7\u00e3o das apresenta\u00e7\u00f5es do FIC ser\u00e1 divulgada no site a partir da confirma\u00e7\u00e3o de participa\u00e7\u00e3o e acordo m\u00fatuo sobre datas.<\/span><span data-ccp-props=\"{&quot;201341983&quot;:2,&quot;335559685&quot;:0,&quot;335559739&quot;:160,&quot;335559740&quot;:600}\">\u00a0<\/span>\r\n\r\n<b><span data-contrast=\"none\">\u202fEVENTOS COM PARTICIPA\u00c7\u00c3O COLETIVA<\/span><\/b><span data-ccp-props=\"{&quot;201341983&quot;:2,&quot;335559685&quot;:0,&quot;335559739&quot;:160,&quot;335559740&quot;:600}\">\u00a0<\/span>\r\n\r\n<span data-contrast=\"none\">Est\u00e1 sendo composto um arranjo exclusivo, contendo o tema LIBERDADE, para ser executado nas apresenta\u00e7\u00f5es que contar\u00e3o com a participa\u00e7\u00e3o de todos os Corais, Bandas, Orquestras, Ind\u00edgenas, Quilombolas, Grupos Vocais &amp; Congados presentes no FIC, com o intuito de celebrar, integrar e confraternizar os coralistas. O referido arranjo poder\u00e1 ser baixado no formato PDF e MIDI, a partir do dia 15 de setembro no site do FIC. Os Corais, Bandas,Ind\u00edgenas, Quilombolas, Orquestras\u202f &amp; Congados participantes dever\u00e3o ensaiar atrav\u00e9s desse arranjo para as apresenta\u00e7\u00f5es coletivas.<\/span><span data-ccp-props=\"{&quot;201341983&quot;:2,&quot;335559685&quot;:0,&quot;335559739&quot;:160,&quot;335559740&quot;:600}\">\u00a0<\/span>\r\n\r\n<span data-contrast=\"none\">Confirmada a participa\u00e7\u00e3o no FIC, os dirigentes dos Corais, Bandas,\u00a0Orquestras,Ind\u00edgenas, Quilombolas &amp; Congados comprometem-se a preparar seus grupos para cantarem e\/ou tocarem juntamente com esse grande coro\/ banda\/ orquestra que se formar\u00e1 nos eventos coletivos.<\/span><span data-ccp-props=\"{&quot;201341983&quot;:2,&quot;335559685&quot;:0,&quot;335559739&quot;:160,&quot;335559740&quot;:600}\">\u00a0<\/span>\r\n\r\n<b><span data-contrast=\"none\">\u202fCAMISAS DO FESTIVAL<\/span><\/b><span data-ccp-props=\"{&quot;201341983&quot;:2,&quot;335559685&quot;:0,&quot;335559739&quot;:160,&quot;335559740&quot;:600}\">\u00a0<\/span>\r\n\r\n<span data-contrast=\"none\">As camisas do FIC 2022 ser\u00e3o comercializadas na rede social do FIC pelo valor de R$40,00, onde os participantes\/p\u00fablico poder\u00e3o fazer seu(s) pedido(s) marcando \u201cquantidade\u201d e \u201ctamanho\u201d. O valor de cada camisa ser\u00e1 divulgado no site.<\/span><span data-ccp-props=\"{&quot;201341983&quot;:2,&quot;335559685&quot;:0,&quot;335559739&quot;:160,&quot;335559740&quot;:600}\">\u00a0<\/span>\r\n\r\n<b><span data-contrast=\"none\">\u202fDAS DISPOSI\u00c7\u00d5ES GERAIS<\/span><\/b><span data-ccp-props=\"{&quot;201341983&quot;:2,&quot;335559685&quot;:0,&quot;335559739&quot;:160,&quot;335559740&quot;:600}\">\u00a0<\/span>\r\n\r\n<span data-contrast=\"none\">No ato de inscri\u00e7\u00e3o, os participantes concordam em ceder, gratuitamente, para a organiza\u00e7\u00e3o do FIC ou a terceiros por ela indicados, todos os direitos autorais patrimoniais de autor sobre os registros em v\u00eddeos ou fotos, para ser inseridos, expostos ou publicados, reproduzidos no todo ou em parte, a qualquer tempo, em n\u00famero ilimitado de vezes, sem que, aos participantes, seja devida qualquer remunera\u00e7\u00e3o.<\/span><span data-ccp-props=\"{&quot;201341983&quot;:2,&quot;335559685&quot;:0,&quot;335559739&quot;:160,&quot;335559740&quot;:600}\">\u00a0<\/span>\r\n\r\n<span data-contrast=\"none\">O FIC tem car\u00e1ter exclusivamente cultural, sem fins lucrativos ou qualquer modalidade de sorte ou pagamento aos seus participantes.<\/span><span data-ccp-props=\"{&quot;201341983&quot;:2,&quot;335559685&quot;:0,&quot;335559739&quot;:160,&quot;335559740&quot;:600}\">\u00a0<\/span>\r\n\r\n<span data-contrast=\"none\">Por decis\u00e3o da organiza\u00e7\u00e3o do FIC, este Regulamento poder\u00e1 ser alterado em raz\u00e3o da din\u00e2mica do evento e dos objetivos a que se prop\u00f5e, sempre preservando os direitos dos participantes, com respectiva divulga\u00e7\u00e3o das altera\u00e7\u00f5es no site do evento.<\/span><span data-ccp-props=\"{&quot;201341983&quot;:2,&quot;335559685&quot;:0,&quot;335559739&quot;:160,&quot;335559740&quot;:600}\">\u00a0<\/span>\r\n\r\n<span data-contrast=\"none\">Casos omissos e n\u00e3o compreendidos neste Regulamento dever\u00e3o ser sanados, exclusivamente, por meio do site\u202f<\/span><a href=\"https:\/\/festivaldecorais.com.br\/2022\/\"><span data-contrast=\"none\">https:\/\/festivaldecorais.com.br\/2022<\/span><\/a><span data-contrast=\"none\">\u202fou via e-mail\u202f<\/span><a href=\"mailto:lindomar@festivaldecorais.com.br\"><span data-contrast=\"none\">lindomar@festivaldecorais.com.br<\/span><\/a><span data-contrast=\"none\">, n\u00e3o cabendo recursos das decis\u00f5es tomadas.<\/span><span data-ccp-props=\"{&quot;201341983&quot;:2,&quot;335559685&quot;:0,&quot;335559739&quot;:160,&quot;335559740&quot;:600}\">\u00a0<\/span>\r\n\r\n<span data-contrast=\"none\">D\u00favidas adicionais ser\u00e3o sanadas pelo telefone WhatsApp +55 (31) 98524-0403.<\/span><span data-ccp-props=\"{&quot;201341983&quot;:2,&quot;335559685&quot;:0,&quot;335559739&quot;:160,&quot;335559740&quot;:600}\">\u00a0<\/span>\r\n\r\n<span data-contrast=\"none\">A guarda dos instrumentos musicais, adere\u00e7os, pertences, equipamentos e objetos de uso pessoal \u00e9 de responsabilidade \u00fanica e exclusiva dos participantes, n\u00e3o se\u00a0responsabilizando a organiza\u00e7\u00e3o do FIC por sua integridade f\u00edsica, extravio, furto ou roubo.<\/span><span data-ccp-props=\"{&quot;201341983&quot;:2,&quot;335559685&quot;:0,&quot;335559739&quot;:160,&quot;335559740&quot;:600}\">\u00a0<\/span>\r\n\r\n<span data-contrast=\"none\">A organiza\u00e7\u00e3o do FIC responsabilizar-se-\u00e1 pelo Grupo Musical no acompanhamento, produ\u00e7\u00e3o, divulga\u00e7\u00e3o, sonoriza\u00e7\u00e3o, ilumina\u00e7\u00e3o e registros fotogr\u00e1ficos e em v\u00eddeo das apresenta\u00e7\u00f5es do evento, que ser\u00e3o disponibilizados no site\u202f<\/span><a href=\"https:\/\/festivaldecorais.com.br\/2022\/\"><span data-contrast=\"none\">https:\/\/festivaldecorais.com.br\/2022<\/span><\/a><span data-contrast=\"none\">, no Facebook e Instagram : \u201cFIC Festival Internacional de Corais\u201d e \u201cYouTube\u201c.<\/span><span data-ccp-props=\"{&quot;201341983&quot;:2,&quot;335559685&quot;:0,&quot;335559739&quot;:160,&quot;335559740&quot;:600}\">\u00a0<\/span>","protected":false},"excerpt":{"rendered":"OBJETIVO\u00a0 O Festival Internacional de Corais, Orquestras, Bandas, Congados e Artistas convidados, edi\u00e7\u00e3o 2022, denominado neste Regulamento como FIC, tem por finalidade proporcionar o interc\u00e2mbio cultural, a difus\u00e3o, a integra\u00e7\u00e3o, o incentivo, o desenvolvimento e o fortalecimento de la\u00e7os entre Bandas, Corais, Grupos Vocais, Orquestras, Congados, Ind\u00edgenas e Quilombolas e Artistas convidados e regionais, nacionais [&hellip;]","protected":false},"author":1,"featured_media":0,"parent":0,"menu_order":0,"comment_status":"closed","ping_status":"closed","template":"","meta":{"_vp_format_video_url":"","_vp_image_focal_point":[]},"aioseo_notices":[],"_links":{"self":[{"href":"https:\/\/festivaldecorais.com.br\/2022\/wp-json\/wp\/v2\/pages\/1863"}],"collection":[{"href":"https:\/\/festivaldecorais.com.br\/2022\/wp-json\/wp\/v2\/pages"}],"about":[{"href":"https:\/\/festivaldecorais.com.br\/2022\/wp-json\/wp\/v2\/types\/page"}],"author":[{"embeddable":true,"href":"https:\/\/festivaldecorais.com.br\/2022\/wp-json\/wp\/v2\/users\/1"}],"replies":[{"embeddable":true,"href":"https:\/\/festivaldecorais.com.br\/2022\/wp-json\/wp\/v2\/comments?post=1863"}],"version-history":[{"count":11,"href":"https:\/\/festivaldecorais.com.br\/2022\/wp-json\/wp\/v2\/pages\/1863\/revisions"}],"predecessor-version":[{"id":3482,"href":"https:\/\/festivaldecorais.com.br\/2022\/wp-json\/wp\/v2\/pages\/1863\/revisions\/3482"}],"wp:attachment":[{"href":"https:\/\/festivaldecorais.com.br\/2022\/wp-json\/wp\/v2\/media?parent=1863"}],"curies":[{"name":"wp","href":"https:\/\/api.w.org\/{rel}","templated":true}]}}